{"id":137,"date":"2015-08-12T16:01:27","date_gmt":"2015-08-12T14:01:27","guid":{"rendered":"http:\/\/dev.przedrajdem.pl\/?page_id=137"},"modified":"2023-08-09T15:15:50","modified_gmt":"2023-08-09T13:15:50","slug":"motocykle","status":"publish","type":"page","link":"https:\/\/www.przedrajdem.pl\/serwis\/motocykle\/","title":{"rendered":"Motocykle"},"content":{"rendered":"<div>\n<h3 style=\"text-align: justify;\">Us\u0142ugi podstawowe serwisu:<\/h3>\n<ul style=\"text-align: justify;\">\n<li>przegl\u0105dy i naprawy mechaniczne motocykli,<\/li>\n<li>wymiana oleju i innych p\u0142yn\u00f3w eksploatacyjnych,<\/li>\n<li>diagnostyka i naprawy elektryki,<\/li>\n<li>diagnostyka komputerowa, programowanie kluczyk\u00f3w, odczyt i kasowanie b\u0142\u0119d\u00f3w,<\/li>\n<li>regulacja ga\u017anik\u00f3w,<\/li>\n<li>regulacja zawor\u00f3w (standardowych oraz p\u0142ytkowych),<\/li>\n<li>kompleksowe remonty silnik\u00f3w,<\/li>\n<li>wymiana pask\u00f3w, naprawy przek\u0142adni CVT i skrzy\u0144 bieg\u00f3w,<\/li>\n<li>serwis zawiesze\u0144,<\/li>\n<li>monta\u017c zestaw\u00f3w homologacyjnych,<\/li>\n<li>&#8222;<em>przywracanie z martwych<\/em>&#8221; &#8211; naprawa pojazd\u00f3w po kataklizmach i innych eksperymentalnych naprawach<\/li>\n<\/ul>\n<\/div>\n<div>\n<hr \/>\n<h3>Specjalizujemy si\u0119 w:<\/h3>\n<ul>\n<li>obs\u0142udze napraw gwarancyjnych i pogwarancyjnych motocykli i quad\u00f3w<strong> Kawasaki, <\/strong>jeste\u015bmy <strong>Autoryzowanym Serwisem Kawasaki<\/strong><\/li>\n<li>naprawach i przegl\u0105dach bie\u017c\u0105cych motocykli <strong>Yamaha, Aprilia, Suzuki, Can-Am, Honda, BMW, Ducati <\/strong>oraz <strong>Triumph, Piaggio, Vespa,<\/strong><\/li>\n<li>monta\u017cu akcesori\u00f3w i cz\u0119\u015bci zamiennych do wszystkich motocykli,<\/li>\n<li>pomocy przy zakupie pojazd\u00f3w &#8211; przegl\u0105dy &#8222;przed-&#8221; i &#8222;po-&#8221; zakupowe<\/li>\n<\/ul>\n<\/div>\n<div>\n<hr \/>\n<h3>Naprawiamy i zaopatrujemy w cz\u0119\u015bci zamienne quady i motocykle dla:<\/h3>\n<div>\n<ul>\n<li>Policji,<\/li>\n<li>Stra\u017cy Po\u017carnej,<\/li>\n<li>Stra\u017cy Granicznej,<\/li>\n<li>GOPR,<\/li>\n<li>wsp\u00f3\u0142pracujemy z salonami sprzedaj\u0105cymi quady z ca\u0142ej Polski w zakresie wykonywania przegl\u0105d\u00f3w oraz obs\u0142ugi zobowi\u0105za\u0144 gwarancyjnych dla ich klient\u00f3w z Warszawy i okolic<\/li>\n<\/ul>\n<\/div>\n<\/div>\n<hr \/>\n<h3 style=\"text-align: justify;\">Us\u0142ugi dodatkowe:<\/h3>\n<ul style=\"text-align: justify;\">\n<li>monta\u017c os\u0142on podwozia,<\/li>\n<li>monta\u017c dodatkowego o\u015bwietlenia,<\/li>\n<li>wulkanizacja &#8211; obs\u0142ugujemy opony do 35&#8243; wysoko\u015bci i na felgach w rozmiarze od 12&#8243; do 22&#8243;,<\/li>\n<li>oferujemy statyczne wywa\u017canie opon motocyklowych,<\/li>\n<li>myjnia ci\u015bnieniowa,<\/li>\n<li>transport \u2013 naszym klientom zapewniamy atrakcyjny cenowo transport pojazd\u00f3w <strong>na terenie Warszawy i ca\u0142ej Polski<\/strong>, sprowadzenie do serwisu pojazdu np. z Zakopanego nie jest dla Nas problemem. Istnieje mo\u017cliwo\u015b\u0107 po\u017cyczenia przyczepy w celu samodzielnego przywiezienia pojazdu,<\/li>\n<li>wypo\u017cyczalnia przyczep &#8211; wypo\u017cyczamy przyczepy towarowe i lawety przygotowane i wyposa\u017cone do transportu quad\u00f3w i motocykli<\/li>\n<\/ul>\n<hr \/>\n<h3>Serwis jest wyposa\u017cony w:<\/h3>\n<ul style=\"text-align: justify;\">\n<li>specjalistyczne narz\u0119dzia wed\u0142ug specyfikacji dla Autoryzowanych Serwis\u00f3w <strong>Kawasaki<\/strong> oraz <strong>Yamaha<\/strong>,<\/li>\n<li>komputery diagnostyczny <strong>Kawasaki, Suzuki, BMW<\/strong><\/li>\n<li>komputer diagnostyczny <strong>Can-Am<\/strong> &#8211; najwy\u017cszy poziom dost\u0119pu diagnostycznego, \u0142\u0105cznie z mo\u017cliwo\u015bci\u0105 programowania kluczyk\u00f3w,<\/li>\n<li>video-endoskop<\/li>\n<\/ul>\n<hr \/>\n<div>\n<h3>Jeste\u015bmy w stanie podj\u0105\u0107 si\u0119:<\/h3>\n<p><img decoding=\"async\" loading=\"lazy\" class=\"wp-image-189 alignright\" src=\"https:\/\/www.przedrajdem.pl\/serwis\/wp-content\/uploads\/2015\/08\/serwis_przedrajdem_g1_39-632x356.jpg\" alt=\"serwis_przedrajdem_g1_39\" width=\"320\" height=\"180\" srcset=\"https:\/\/www.przedrajdem.pl\/serwis\/wp-content\/uploads\/2015\/08\/serwis_przedrajdem_g1_39-632x356.jpg 632w, https:\/\/www.przedrajdem.pl\/serwis\/wp-content\/uploads\/2015\/08\/serwis_przedrajdem_g1_39.jpg 800w\" sizes=\"(max-width: 320px) 100vw, 320px\" \/><\/p>\n<ul style=\"text-align: justify;\">\n<li>naprawy zatartych cylindr\u00f3w, szlifowanie, dorobienie lub wymiana tulei,<\/li>\n<li>planowania g\u0142owic,<\/li>\n<li>napawania i frezowania uszkodzonych bie\u017cni \u0142o\u017cysk,<\/li>\n<li>spawania uszkodzonych karter\u00f3w,<\/li>\n<li>przewijania i naprawy stator\u00f3w oraz rozrusznik\u00f3w<\/li>\n<\/ul>\n<\/div>\n<hr \/>\n<p style=\"text-align: justify;\"><strong>Wszystkie wykonane prace obj\u0119te s\u0105 gwarancj\u0105.<\/strong><\/p>\n<p style=\"text-align: justify;\"><strong>Na miejscu mo\u017cecie Pa\u0144stwo zap\u0142aci\u0107 got\u00f3wk\u0105 lub kart\u0105<\/strong><strong>, istnieje te\u017c mo\u017cliwo\u015b\u0107 pomocy w otrzymaniu kredytu.<\/strong><\/p>\n<div style=\"text-align: justify;\">\n<p><strong>Serwis jest ubezpieczony w zakresie odpowiedzialno\u015bci cywilnej za wykonane prace oraz odpowiedzialno\u015bci za powierzony sprz\u0119t.<\/strong><\/p>\n<\/div>\n<div>\n<p style=\"text-align: justify;\"><strong>Na wszystkie nasze us\u0142ugi wystawiamy paragon lub faktur\u0119 VAT.<\/strong><\/p>\n<p style=\"text-align: center;\">W celu um\u00f3wienia si\u0119 na wizyt\u0119 zapraszamy do kontaktu. Wszelkie dane w zak\u0142adce <a href=\"https:\/\/www.przedrajdem.pl\/serwis\/kontakt\/\">Kontakt<\/a><\/p>\n<\/div>\n","protected":false},"excerpt":{"rendered":"<p>Us\u0142ugi podstawowe serwisu: przegl\u0105dy i naprawy mechaniczne motocykli, wymiana oleju i innych p\u0142yn\u00f3w eksploatacyjnych, diagnostyka i naprawy elektryki, diagnostyka komputerowa, programowanie kluczyk\u00f3w, odczyt i kasowanie b\u0142\u0119d\u00f3w, regulacja ga\u017anik\u00f3w, regulacja zawor\u00f3w (standardowych oraz p\u0142ytkowych), kompleksowe remonty silnik\u00f3w, wymiana pask\u00f3w, naprawy przek\u0142adni CVT i skrzy\u0144 bieg\u00f3w, serwis zawiesze\u0144, monta\u017c zestaw\u00f3w homologacyjnych, &#8222;przywracanie z martwych&#8221; &#8211; naprawa pojazd\u00f3w<a href=\"https:\/\/www.przedrajdem.pl\/serwis\/motocykle\/\">[&#8230;]<\/a><\/p>\n","protected":false},"author":2,"featured_media":0,"parent":0,"menu_order":0,"comment_status":"closed","ping_status":"closed","template":"template-fullwidth.php","meta":[],"_links":{"self":[{"href":"https:\/\/www.przedrajdem.pl\/serwis\/wp-json\/wp\/v2\/pages\/137"}],"collection":[{"href":"https:\/\/www.przedrajdem.pl\/serwis\/wp-json\/wp\/v2\/pages"}],"about":[{"href":"https:\/\/www.przedrajdem.pl\/serwis\/wp-json\/wp\/v2\/types\/page"}],"author":[{"embeddable":true,"href":"https:\/\/www.przedrajdem.pl\/serwis\/wp-json\/wp\/v2\/users\/2"}],"replies":[{"embeddable":true,"href":"https:\/\/www.przedrajdem.pl\/serwis\/wp-json\/wp\/v2\/comments?post=137"}],"version-history":[{"count":83,"href":"https:\/\/www.przedrajdem.pl\/serwis\/wp-json\/wp\/v2\/pages\/137\/revisions"}],"predecessor-version":[{"id":1046,"href":"https:\/\/www.przedrajdem.pl\/serwis\/wp-json\/wp\/v2\/pages\/137\/revisions\/1046"}],"wp:attachment":[{"href":"https:\/\/www.przedrajdem.pl\/serwis\/wp-json\/wp\/v2\/media?parent=137"}],"curies":[{"name":"wp","href":"https:\/\/api.w.org\/{rel}","templated":true}]}}