{"id":225,"date":"2015-08-12T17:52:36","date_gmt":"2015-08-12T15:52:36","guid":{"rendered":"http:\/\/dev.przedrajdem.pl\/?page_id=225"},"modified":"2023-08-09T15:14:47","modified_gmt":"2023-08-09T13:14:47","slug":"skutery","status":"publish","type":"page","link":"https:\/\/www.przedrajdem.pl\/serwis\/skutery\/","title":{"rendered":"Skutery"},"content":{"rendered":"<div style=\"text-align: justify;\"><strong>Co oferujemy w serwisie Przedrajdem.PL<\/strong><\/div>\n<div style=\"text-align: justify;\"><\/div>\n<div style=\"margin: 10px 0 20px 0; text-align: justify;\">Do\u015bwiadczeni i stale podnosz\u0105cy kwalifikacj\u0119 mechanicy oraz nowoczesny sprz\u0119t warsztatowy to najwa\u017cniejsze cechy, kt\u00f3re wyr\u00f3\u017cniaj\u0105 prowadzony przez nas serwis skuter\u00f3w. Warszawa jest miastem, gdzie \u015bwietnie sprawdzaj\u0105 si\u0119 skutery ma\u0142olitra\u017cowe i o wi\u0119kszej pojemno\u015bci. Aby w pe\u0142ni cieszy\u0107 si\u0119 z posiadania jedno\u015bladu, warto korzysta\u0107 zar\u00f3wno z wysokiej jako\u015bci cz\u0119\u015bci eksploatacyjnych i zamiennych, jak r\u00f3wnie\u017c regularnie serwisowa\u0107 u profesjonalist\u00f3w. Naprawa nowoczesnych skuter\u00f3w wymaga nie tylko wiedzy, ale r\u00f3wnie\u017c specjalistycznego sprz\u0119tu. Laserowe urz\u0105dzenia pomiarowe do ustawiania zbie\u017cno\u015bci i geometrii, komputery diagnostyczne, narz\u0119dzia zgodne ze specyfikacj\u0105 serwis\u00f3w autoryzowanych oraz mo\u017cliwo\u015b\u0107 skorzystania z fachowego wsparcia przy tuningu to kolejne z naszych atut\u00f3w. Zajmujemy si\u0119 serwisowaniem oraz napraw\u0105 jedno\u015blad\u00f3w europejskich, japo\u0144skich i dalekowschodnich marek, gwarantuj\u0105c terminowo\u015b\u0107 i przejrzysty cennik. Odpowiadaj\u0105c na zapotrzebowanie w\u0142a\u015bcicieli jedno\u015blad\u00f3w, nasz serwis skuter\u00f3w umo\u017cliwia kilka metod p\u0142atno\u015bci: got\u00f3wk\u0105, kart\u0105 lub p\u0142atno\u015b\u0107 roz\u0142o\u017con\u0105 na raty.<\/div>\n<div style=\"text-align: justify;\"><\/div>\n<div style=\"text-align: justify;\">Korzystaj\u0105c z naszego serwisu, zyskujecie Pa\u0144stwo pewno\u015b\u0107 <strong>kompleksowej i profesjonalnej opieki <\/strong>nad dowolnym modelem skutera. Posiadamy status <strong>Autoryzowanego Serwisu Kawasaki<\/strong>. Obs\u0142ugujemy pojazdy nast\u0119puj\u0105cych marek: <strong>Kawasaki<\/strong>, <strong>Yamaha<\/strong>, <strong>Suzuki<\/strong>, <strong>Can-Am<\/strong>, <strong>Polaris, BMW, Ducati, Triumph,<\/strong> <strong>Honda, Aprilia, Kymco, Piaggio, Vespa,<\/strong> Bezpo\u015brednie umowy z przedstawicielami obs\u0142ugiwanych przez nas marek zapewniaj\u0105 szybki dost\u0119p do dokumentacji technicznych, odpowiednich szkole\u0144 dla mechanik\u00f3w oraz magazyn\u00f3w centralnych cz\u0119\u015bci znajduj\u0105cych si\u0119 w europie, co umo\u017cliwia szybkie sprowadzenie niezb\u0119dnych cz\u0119\u015bci i podzespo\u0142\u00f3w lub dodatkowych akcesori\u00f3w. Obecny na miejscu sklep zapewnia pomoc i doradztwo w doborze akcesori\u00f3w, kt\u00f3rych monta\u017c mog\u0105 Pa\u0144stwo u nas wykona\u0107.<\/div>\n<div style=\"text-align: justify;\">Dzi\u0119ki wykorzystaniu autorskiego oprogramowania s\u0142u\u017c\u0105cego do prowadzenia kartoteki obs\u0142ugiwanych pojazd\u00f3w <strong><br \/>\n<img decoding=\"async\" loading=\"lazy\" class=\"alignright wp-image-388\" src=\"https:\/\/www.przedrajdem.pl\/serwis\/wp-content\/uploads\/2015\/12\/serwis_przedrajdem_47-480x280.jpg\" alt=\"serwis_przedrajdem_47\" width=\"300\" height=\"212\" srcset=\"https:\/\/www.przedrajdem.pl\/serwis\/wp-content\/uploads\/2015\/12\/serwis_przedrajdem_47-632x446.jpg 632w, https:\/\/www.przedrajdem.pl\/serwis\/wp-content\/uploads\/2015\/12\/serwis_przedrajdem_47.jpg 640w\" sizes=\"(max-width: 300px) 100vw, 300px\" \/>&#8222;Przedrajdem.PL &#8211; System Obs\u0142ugi Serwisu&#8221; <\/strong>ka\u017cdy z naszych klient\u00f3w ma mo\u017cliwo\u015b\u0107 dost\u0119pu on-line do zlecenia serwisowego uruchomionego w momencie przyjmowania pojazdu, podgl\u0105d bie\u017c\u0105cego stanu prac oraz podgl\u0105d komentarzy dotycz\u0105cych post\u0119pu w prowadzonych pracach wpisanych przez mechanik\u00f3w oraz sprzedawc\u00f3w z dzia\u0142u cz\u0119\u015bci. Informacja o zako\u0144czeniu prac przy poje\u017adzie mo\u017ce by\u0107 automatycznie przesy\u0142ana na adres e-mail lub sms. Dzi\u0119ki naszemu systemowi jeste\u015bmy w stanie szybko dotrze\u0107 do wszystkich szczeg\u00f3\u0142\u00f3w zlecenia wykonywanego wiele miesi\u0119cy temu, co upraszcza i u\u0142atwia obs\u0142ug\u0119 bie\u017c\u0105c\u0105 pojazd\u00f3w oraz stanowi swoist\u0105 <strong>baz\u0119 wiedzy<\/strong> w przypadku pojawienia si\u0119 podobnego uszkodzenia w innym poje\u017adzie.<\/div>\n<div style=\"text-align: justify;\"><u><strong>Specjalizujemy si\u0119 w:<\/strong><\/u><\/div>\n<ul style=\"text-align: justify;\">\n<li>obs\u0142udze napraw gwarancyjnych skuter\u00f3w<strong> Kawasaki<\/strong>,<\/li>\n<li>naprawach bie\u017c\u0105cych skuter\u00f3w <strong>Kawasaki, <strong>Yamaha<\/strong>, <strong>Suzuki<\/strong>, <strong>Can-Am<\/strong>, <strong>Polaris, BMW, Ducati, Triumph,<\/strong> <strong>Honda, Aprilia, Gilera, Kymco, Piaggio, Vespa,<br \/>\n<\/strong><\/strong><\/li>\n<li>sprzeda\u017cy i monta\u017cu akcesori\u00f3w i cz\u0119\u015bci zamiennych do wszystkich skuter\u00f3w,<\/li>\n<li>przegl\u0105dach okresowych skuter\u00f3w,<\/li>\n<li>pomocy przy zakupie pojazd\u00f3w &#8211; przegl\u0105dy przed i po zakupowe,<\/li>\n<li>tuning pojazd\u00f3w (wymiana sprz\u0119gie\u0142, dysz ga\u017anik\u00f3w, modu\u0142\u00f3w zap\u0142onowych strojenie, ustawianie zawiesze\u0144)<\/li>\n<\/ul>\n<div style=\"text-align: justify;\">Posiadamy w\u0142asn\u0105 <strong>myjni\u0119<\/strong>, kt\u00f3ra poradzi sobie nawet z najbardziej zabrudzonymi pojazdami. Na miejscu znajduje si\u0119 <strong>wulkanizacja<\/strong> posiadaj\u0105ca do\u015bwiadczenie w obs\u0142udze motocyklowych, naszym klientom zapewniamy atrakcyjny cenowo <strong>transport na terenie ca\u0142ego kraju<\/strong>.<\/div>\n<div id='gallery-1' class='gallery galleryid-225 gallery-columns-3 gallery-size-thumbnail'><figure class='gallery-item'>\n\t\t\t<div class='gallery-icon landscape'>\n\t\t\t\t<a href='https:\/\/www.przedrajdem.pl\/serwis\/wp-content\/uploads\/2015\/08\/serwis_przedrajdem_g1_331.jpg' title=\"\" data-rl_title=\"\" class=\"rl-gallery-link\" data-rl_caption=\"\" data-rel=\"lightbox-gallery-1\"><img width=\"480\" height=\"280\" src=\"https:\/\/www.przedrajdem.pl\/serwis\/wp-content\/uploads\/2015\/08\/serwis_przedrajdem_g1_331-480x280.jpg\" class=\"attachment-thumbnail size-thumbnail\" alt=\"\" decoding=\"async\" loading=\"lazy\" \/><\/a>\n\t\t\t<\/div><\/figure><figure class='gallery-item'>\n\t\t\t<div class='gallery-icon landscape'>\n\t\t\t\t<a href='https:\/\/www.przedrajdem.pl\/serwis\/wp-content\/uploads\/2015\/08\/serwis_przedrajdem_g1_19.jpg' title=\"\" data-rl_title=\"\" class=\"rl-gallery-link\" data-rl_caption=\"\" data-rel=\"lightbox-gallery-1\"><img width=\"480\" height=\"280\" src=\"https:\/\/www.przedrajdem.pl\/serwis\/wp-content\/uploads\/2015\/08\/serwis_przedrajdem_g1_19-480x280.jpg\" class=\"attachment-thumbnail size-thumbnail\" alt=\"\" decoding=\"async\" loading=\"lazy\" \/><\/a>\n\t\t\t<\/div><\/figure><figure class='gallery-item'>\n\t\t\t<div class='gallery-icon landscape'>\n\t\t\t\t<a href='https:\/\/www.przedrajdem.pl\/serwis\/wp-content\/uploads\/2015\/08\/serwis_przedrajdem_g1_41.jpg' title=\"\" data-rl_title=\"\" class=\"rl-gallery-link\" data-rl_caption=\"\" data-rel=\"lightbox-gallery-1\"><img width=\"480\" height=\"280\" src=\"https:\/\/www.przedrajdem.pl\/serwis\/wp-content\/uploads\/2015\/08\/serwis_przedrajdem_g1_41-480x280.jpg\" class=\"attachment-thumbnail size-thumbnail\" alt=\"\" decoding=\"async\" loading=\"lazy\" \/><\/a>\n\t\t\t<\/div><\/figure>\n\t\t<\/div>\n\n<table style=\"height: 64px;\" width=\"310\">\n<tbody>\n<tr>\n<td><\/td>\n<td><\/td>\n<td><a href=\"https:\/\/www.przedrajdem.pl\/serwis\/wp-content\/uploads\/2015\/08\/serwis_przedrajdem_g1_5.jpg\" data-rel=\"lightbox-image-3\" data-imagelightbox=\"3\" data-rl_title=\"\" data-rl_caption=\"\" title=\"\"><br \/>\n<\/a><u><\/u><\/td>\n<\/tr>\n<\/tbody>\n<\/table>\n<div style=\"text-align: justify;\">\n<p><u><strong>Naprawiamy i zaopatrujemy w cz\u0119\u015bci zamienne quady i motocykle dla:<\/strong><\/u><\/p>\n<ul>\n<li>Policji<\/li>\n<li>Stra\u017cy po\u017carnej<\/li>\n<li>Stra\u017cy granicznej<\/li>\n<li>GOPR<\/li>\n<li>wsp\u00f3\u0142pracujemy z salonami sprzedaj\u0105cymi quady z ca\u0142ej Polski w zakresie wykonywania przegl\u0105d\u00f3w oraz obs\u0142ugi zobowi\u0105za\u0144 gwarancyjnych dla ich klient\u00f3w z Warszawy i okolic<\/li>\n<\/ul>\n<p><u><strong>Us\u0142ugi podstawowe serwisu:<\/strong><\/u><\/p>\n<\/div>\n<ul style=\"text-align: justify;\">\n<li>przegl\u0105dy pojazd\u00f3w &#8211; kompleksowo, precyzyjnie, z dba\u0142o\u015bci\u0105 o ka\u017cdy detal<\/li>\n<li>diagnostyka i naprawy elektryki i elektroniki,<\/li>\n<li>naprawy bie\u017c\u0105ce skuter\u00f3w, <a href=\"https:\/\/www.przedrajdem.pl\/serwis\/wp-content\/uploads\/2015\/08\/serwis_przedrajdem_g1_53.jpg\" data-rel=\"lightbox-image-4\" data-imagelightbox=\"4\" data-rl_title=\"\" data-rl_caption=\"\" title=\"\"><img decoding=\"async\" loading=\"lazy\" class=\" alignright wp-image-122\" src=\"https:\/\/www.przedrajdem.pl\/serwis\/wp-content\/uploads\/2015\/08\/serwis_przedrajdem_g1_53-632x474.jpg\" alt=\"serwis_przedrajdem_g1_53\" width=\"144\" height=\"94\" \/><\/a><\/li>\n<li>regulacje ga\u017anik\u00f3w,<\/li>\n<li>regulacje zawor\u00f3w (standardowych oraz p\u0142ytkowych),<\/li>\n<li>diagnostyka i naprawa pomp paliwa,<\/li>\n<li>kompleksowe remonty silnik\u00f3w,<\/li>\n<li>przegl\u0105dy, wymiany pask\u00f3w, oraz remonty przek\u0142adni CVT i skrzy\u0144 bieg\u00f3w,<\/li>\n<li>serwis zawiesze\u0144,<\/li>\n<li>monta\u017c zestaw\u00f3w homologacyjnych,<\/li>\n<li>przywracanie z martwych &#8211; naprawa pojazd\u00f3w po kataklizmach i innych eksperymentalnych naprawach<\/li>\n<\/ul>\n<div id='gallery-2' class='gallery galleryid-225 gallery-columns-3 gallery-size-thumbnail'><figure class='gallery-item'>\n\t\t\t<div class='gallery-icon landscape'>\n\t\t\t\t<a href='https:\/\/www.przedrajdem.pl\/serwis\/wp-content\/uploads\/2015\/08\/serwis_przedrajdem_g1_6.jpg' title=\"\" data-rl_title=\"\" class=\"rl-gallery-link\" data-rl_caption=\"\" data-rel=\"lightbox-gallery-2\"><img width=\"480\" height=\"280\" src=\"https:\/\/www.przedrajdem.pl\/serwis\/wp-content\/uploads\/2015\/08\/serwis_przedrajdem_g1_6-480x280.jpg\" class=\"attachment-thumbnail size-thumbnail\" alt=\"\" decoding=\"async\" loading=\"lazy\" \/><\/a>\n\t\t\t<\/div><\/figure><figure class='gallery-item'>\n\t\t\t<div class='gallery-icon landscape'>\n\t\t\t\t<a href='https:\/\/www.przedrajdem.pl\/serwis\/wp-content\/uploads\/2015\/08\/serwis_przedrajdem_g1_34.jpg' title=\"\" data-rl_title=\"\" class=\"rl-gallery-link\" data-rl_caption=\"\" data-rel=\"lightbox-gallery-2\"><img width=\"480\" height=\"280\" src=\"https:\/\/www.przedrajdem.pl\/serwis\/wp-content\/uploads\/2015\/08\/serwis_przedrajdem_g1_34-480x280.jpg\" class=\"attachment-thumbnail size-thumbnail\" alt=\"\" decoding=\"async\" loading=\"lazy\" \/><\/a>\n\t\t\t<\/div><\/figure><figure class='gallery-item'>\n\t\t\t<div class='gallery-icon landscape'>\n\t\t\t\t<a href='https:\/\/www.przedrajdem.pl\/serwis\/wp-content\/uploads\/2015\/08\/serwis_przedrajdem_g1_15.jpg' title=\"\" data-rl_title=\"\" class=\"rl-gallery-link\" data-rl_caption=\"\" data-rel=\"lightbox-gallery-2\"><img width=\"480\" height=\"280\" src=\"https:\/\/www.przedrajdem.pl\/serwis\/wp-content\/uploads\/2015\/08\/serwis_przedrajdem_g1_15-480x280.jpg\" class=\"attachment-thumbnail size-thumbnail\" alt=\"\" decoding=\"async\" loading=\"lazy\" \/><\/a>\n\t\t\t<\/div><\/figure>\n\t\t<\/div>\n\n<div style=\"text-align: justify;\"><\/div>\n<div style=\"text-align: justify;\"><u><strong>Us\u0142ugi dodatkowe:<\/strong><\/u><\/div>\n<ul style=\"text-align: justify;\">\n<li>przygotowanie pojazd\u00f3w do udzia\u0142u w rajdach &#8211; monta\u017c roadbook, metromierzy, dodatkowego o\u015bwietlenie i wszystkiego innego, co potrzebne na rajdzie,<\/li>\n<li>monta\u017c os\u0142on podwozia,<\/li>\n<li>naprawa uszkodzonych wspomaga\u0144 EPS<\/li>\n<li>spawanie stali oraz aluminium metodami TIG i MAG, certyfikowani spawacze oraz spawarki najwy\u017cszej jako\u015bci firmy Kemppi (AC\/DC) gwarantuj\u0105 poprawne wykonanie zleconych prac,<\/li>\n<li>wulkanizacja &#8211; obs\u0142uga opon do 35&#8243; wysoko\u015bci i felg w rozmiarze od 9&#8243; do 22&#8243;,<\/li>\n<li>myjnia ci\u015bnieniowa,<\/li>\n<li>transport \u2013 w\u0142asny bus i przyczepy, naszym klientom zapewniamy atrakcyjny cenowo transport na terenie Warszawy i ca\u0142ej Polski, sprowadzenie do serwisu pojazdu np. z Zakopanego nie jest dla Nas problemem. Istnieje mo\u017cliwo\u015b\u0107 po\u017cyczenia przyczepy w celu samodzielnego przywiezienia pojazdu,<\/li>\n<li>wypo\u017cyczalnia przyczep &#8211; wypo\u017cyczamy przyczepy towarowe przygotowane i wyposa\u017cone do transportu quad\u00f3w<\/li>\n<\/ul>\n<p style=\"text-align: justify;\"><u><strong>Serwis jest wyposa\u017cony w:<\/strong><\/u><\/p>\n<ul style=\"text-align: justify;\">\n<li>specjalistyczne narz\u0119dzia wed\u0142ug specyfikacji dla Autoryzowanych Serwis\u00f3w <strong>Kawasaki<\/strong> oraz <strong>Yamaha<\/strong>,<\/li>\n<li>komputer diagnostyczny <strong>Kawasaki<\/strong>,<\/li>\n<li>komputer diagnostyczny <strong>Suzuki,<\/strong><\/li>\n<li>komputer do pomiar\u00f3w <strong>DynoJet,<\/strong><\/li>\n<li>komputery do pomiar\u00f3w niezb\u0119dnych przy przeprowadzaniu tuning\u00f3w,<\/li>\n<li>laserowe urz\u0105dzenia pomiarowe do ustawiania geometrii i zbie\u017cno\u015bci pojazd\u00f3w,<\/li>\n<li>specjalistyczne oprogramowanie do prowadzenia kartotek obs\u0142ugiwanych pojazd\u00f3w<\/li>\n<li>videoendoskop<\/li>\n<\/ul>\n<p style=\"text-align: justify;\"><u><strong>Profesjonali\u015bci wsp\u00f3\u0142pracuj\u0105 z profesjonalistami, dzi\u0119ki czemu jeste\u015bmy w stanie podj\u0105\u0107 si\u0119:<\/strong><\/u><\/p>\n<ul style=\"text-align: justify;\">\n<li>naprawy przytartych wa\u0142\u00f3w korbowych, \u0142\u0105cznie z azotowaniem<a href=\"https:\/\/www.przedrajdem.pl\/serwis\/wp-content\/uploads\/2015\/08\/serwis_przedrajdem_g1_39.jpg\" data-rel=\"lightbox-image-8\" data-imagelightbox=\"8\" data-rl_title=\"\" data-rl_caption=\"\" title=\"\"><img decoding=\"async\" loading=\"lazy\" class=\" wp-image-189 alignright\" src=\"https:\/\/www.przedrajdem.pl\/serwis\/wp-content\/uploads\/2015\/08\/serwis_przedrajdem_g1_39-632x356.jpg\" alt=\"serwis_przedrajdem_g1_39\" width=\"263\" height=\"148\" srcset=\"https:\/\/www.przedrajdem.pl\/serwis\/wp-content\/uploads\/2015\/08\/serwis_przedrajdem_g1_39-632x356.jpg 632w, https:\/\/www.przedrajdem.pl\/serwis\/wp-content\/uploads\/2015\/08\/serwis_przedrajdem_g1_39.jpg 800w\" sizes=\"(max-width: 263px) 100vw, 263px\" \/><\/a><\/li>\n<li>naprawy zatartych cylindr\u00f3w, szlifowanie, dorobienie lub wymiana tulei<\/li>\n<li>planowania g\u0142owic,<\/li>\n<li>napawania i frezowania uszkodzonych bie\u017cni \u0142o\u017cysk,<\/li>\n<li>spawania uszkodzonych karter\u00f3w,<\/li>\n<li>przewijania i naprawy stator\u00f3w oraz rozrusznik\u00f3w<\/li>\n<\/ul>\n<p style=\"text-align: justify;\"><u><strong>Wszystkie wykonane prace obj\u0119te s\u0105 gwarancj\u0105.<\/strong><\/u><\/p>\n<p style=\"text-align: justify;\"><u><strong>Na miejscu mo\u017cecie Pa\u0144stwo zap\u0142aci\u0107 got\u00f3wk\u0105 lub kart\u0105<\/strong><\/u><strong><u>, istnieje te\u017c mo\u017cliwo\u015b\u0107 pomocy w otrzymaniu kredytu.<\/u><\/strong><\/p>\n<div style=\"text-align: justify;\">\n<p><u><strong>Serwis jest ubezpieczony w zakresie odpowiedzialno\u015bci cywilnej za wykonane prace oraz odpowiedzialno\u015bci za powierzony sprz\u0119t.<\/strong><\/u><\/p>\n<\/div>\n<div>\n<p style=\"text-align: justify;\"><strong><u>Na wszystkie nasze us\u0142ugi wystawiamy paragon lub faktur\u0119 VAT.<\/u><\/strong><\/p>\n<p style=\"text-align: justify;\">W celu um\u00f3wienia si\u0119 na wizyt\u0119 zapraszamy do kontaktu. Wszelkie dane w zak\u0142adce <a href=\"https:\/\/www.przedrajdem.pl\/serwis\/23\/43\/kontakt.html\">Kontakt<\/a><\/p>\n<\/div>\n","protected":false},"excerpt":{"rendered":"<p>Co oferujemy w serwisie Przedrajdem.PL Do\u015bwiadczeni i stale podnosz\u0105cy kwalifikacj\u0119 mechanicy oraz nowoczesny sprz\u0119t warsztatowy to najwa\u017cniejsze cechy, kt\u00f3re wyr\u00f3\u017cniaj\u0105 prowadzony przez nas serwis skuter\u00f3w. Warszawa jest miastem, gdzie \u015bwietnie sprawdzaj\u0105 si\u0119 skutery ma\u0142olitra\u017cowe i o wi\u0119kszej pojemno\u015bci. Aby w pe\u0142ni cieszy\u0107 si\u0119 z posiadania jedno\u015bladu, warto korzysta\u0107 zar\u00f3wno z wysokiej jako\u015bci cz\u0119\u015bci eksploatacyjnych i<a href=\"https:\/\/www.przedrajdem.pl\/serwis\/skutery\/\">[&#8230;]<\/a><\/p>\n","protected":false},"author":2,"featured_media":0,"parent":0,"menu_order":0,"comment_status":"closed","ping_status":"closed","template":"template-fullwidth.php","meta":[],"_links":{"self":[{"href":"https:\/\/www.przedrajdem.pl\/serwis\/wp-json\/wp\/v2\/pages\/225"}],"collection":[{"href":"https:\/\/www.przedrajdem.pl\/serwis\/wp-json\/wp\/v2\/pages"}],"about":[{"href":"https:\/\/www.przedrajdem.pl\/serwis\/wp-json\/wp\/v2\/types\/page"}],"author":[{"embeddable":true,"href":"https:\/\/www.przedrajdem.pl\/serwis\/wp-json\/wp\/v2\/users\/2"}],"replies":[{"embeddable":true,"href":"https:\/\/www.przedrajdem.pl\/serwis\/wp-json\/wp\/v2\/comments?post=225"}],"version-history":[{"count":13,"href":"https:\/\/www.przedrajdem.pl\/serwis\/wp-json\/wp\/v2\/pages\/225\/revisions"}],"predecessor-version":[{"id":1045,"href":"https:\/\/www.przedrajdem.pl\/serwis\/wp-json\/wp\/v2\/pages\/225\/revisions\/1045"}],"wp:attachment":[{"href":"https:\/\/www.przedrajdem.pl\/serwis\/wp-json\/wp\/v2\/media?parent=225"}],"curies":[{"name":"wp","href":"https:\/\/api.w.org\/{rel}","templated":true}]}}