{"id":227,"date":"2015-08-12T17:57:45","date_gmt":"2015-08-12T15:57:45","guid":{"rendered":"http:\/\/dev.przedrajdem.pl\/?page_id=227"},"modified":"2023-03-02T20:34:18","modified_gmt":"2023-03-02T19:34:18","slug":"wulkanizacja","status":"publish","type":"page","link":"https:\/\/www.przedrajdem.pl\/serwis\/wulkanizacja\/","title":{"rendered":"Wulkanizacja"},"content":{"rendered":"<p style=\"text-align: justify;\">Zajmujemy si\u0119 profesjonalnym monta\u017cem opon w quadach, motocyklach oraz skuterach. Naprawiamy r\u00f3wnie\u017c opony i d\u0119tki motocyklowe.<\/p>\n<p style=\"text-align: justify;\">Pracujemy na profesjonalnym sprz\u0119cie firmy ATH-HEINL<br \/>\n-monta\u017cownica ATH-1900<br \/>\n-wywa\u017carka ATH1580<\/p>\n<p style=\"text-align: justify;\">U\u017cywamy doskona\u0142ej jako\u015bci materia\u0142\u00f3w&nbsp; japo\u0144skiej firmy Maruni.<br \/>\nPosiadamy bardzo du\u017ce do\u015bwiadczenie, dzi\u0119ki temu \u017ce zajmujemy si\u0119 oponami do jedno\u015blad\u00f3w i \u017ce przez nasz serwis przewin\u0119\u0142o si\u0119 tysi\u0105ce motocykli oraz skuter\u00f3w .<\/p>\n<p style=\"text-align: justify;\">Opony bezd\u0119tkowe kwalifikuj\u0105 si\u0119 do naprawy jedynie w przypadku gdy \u015brednica uszkodzenia nie przekracza 4-5 mm, znajduje si\u0119 w okre\u015blonej strefie bie\u017cnika i k\u0105t nachylenia nie przekracza 45 stopni. O mo\u017cliwo\u015bci naprawy danej opony decyduje indeks pr\u0119dko\u015bci oraz ilo\u015b\u0107 dotychczas przeprowadzonych na niej napraw. Uszkodzenia boczne niestety dyskwalifikuj\u0105 opon\u0119 z naprawy.<br \/>\nNaprawy przeprowadzamy przy u\u017cyciu ko\u0142k\u00f3w Maruni, dzi\u0119ki temu ju\u017c w kilka minut po naprawie mo\u017cna bezpiecznie wyjecha\u0107 motocyklem z warsztatu.<\/p>\n<p style=\"text-align: justify;\">Naprawy d\u0119tek przeprowadzamy przy pomocy \u0142atek &#8222;na zimno&#8221;<br \/>\nD\u0119tka w naprawianym miejscu zachowuje pierwotn\u0105 wytrzyma\u0142o\u015b\u0107.<br \/>\nNaprawia\u0107 mo\u017cna uszkodzenia gwo\u017adziowe i ewentualnie niewielkie przeci\u0119cia.<\/p>\n<p style=\"text-align: justify;\">-naprawa dziury w oponie 10-60z\u0142<br \/>\n-wymiana opony motocyklowej&nbsp; z wywa\u017ceniem statycznym 60-120z\u0142<br \/>\n-wymiana kompletu opon quadowych 9&#8243;- 14&#8243;&nbsp;&nbsp; 60-80z\u0142 \/bez wywa\u017cania\/<\/p>\n<p style=\"text-align: justify;\">Zapraszamy<br \/>\nponiedzia\u0142ek-pi\u0105tek: 8.00 &#8211; 16.00<\/p>\n<div id='gallery-1' class='gallery galleryid-227 gallery-columns-3 gallery-size-thumbnail'><figure class='gallery-item'>\n\t\t\t<div class='gallery-icon landscape'>\n\t\t\t\t<a href='https:\/\/www.przedrajdem.pl\/serwis\/wp-content\/uploads\/2015\/08\/serwis_przedrajdem_g1_4.jpg' title=\"\" data-rl_title=\"\" class=\"rl-gallery-link\" data-rl_caption=\"\" data-rel=\"lightbox-gallery-1\"><img width=\"480\" height=\"280\" src=\"https:\/\/www.przedrajdem.pl\/serwis\/wp-content\/uploads\/2015\/08\/serwis_przedrajdem_g1_4-480x280.jpg\" class=\"attachment-thumbnail size-thumbnail\" alt=\"\" decoding=\"async\" loading=\"lazy\" \/><\/a>\n\t\t\t<\/div><\/figure><figure class='gallery-item'>\n\t\t\t<div class='gallery-icon landscape'>\n\t\t\t\t<a href='https:\/\/www.przedrajdem.pl\/serwis\/wp-content\/uploads\/2015\/08\/serwis_przedrajdem_g1_68.jpg' title=\"\" data-rl_title=\"\" class=\"rl-gallery-link\" data-rl_caption=\"\" data-rel=\"lightbox-gallery-1\"><img width=\"480\" height=\"280\" src=\"https:\/\/www.przedrajdem.pl\/serwis\/wp-content\/uploads\/2015\/08\/serwis_przedrajdem_g1_68-480x280.jpg\" class=\"attachment-thumbnail size-thumbnail\" alt=\"\" decoding=\"async\" loading=\"lazy\" \/><\/a>\n\t\t\t<\/div><\/figure><figure class='gallery-item'>\n\t\t\t<div class='gallery-icon landscape'>\n\t\t\t\t<a href='https:\/\/www.przedrajdem.pl\/serwis\/wp-content\/uploads\/2015\/08\/serwis_przedrajdem_g1_331.jpg' title=\"\" data-rl_title=\"\" class=\"rl-gallery-link\" data-rl_caption=\"\" data-rel=\"lightbox-gallery-1\"><img width=\"480\" height=\"280\" src=\"https:\/\/www.przedrajdem.pl\/serwis\/wp-content\/uploads\/2015\/08\/serwis_przedrajdem_g1_331-480x280.jpg\" class=\"attachment-thumbnail size-thumbnail\" alt=\"\" decoding=\"async\" loading=\"lazy\" \/><\/a>\n\t\t\t<\/div><\/figure>\n\t\t<\/div>\n\n","protected":false},"excerpt":{"rendered":"<p>Zajmujemy si\u0119 profesjonalnym monta\u017cem opon w quadach, motocyklach oraz skuterach. Naprawiamy r\u00f3wnie\u017c opony i d\u0119tki motocyklowe. Pracujemy na profesjonalnym sprz\u0119cie firmy ATH-HEINL -monta\u017cownica ATH-1900 -wywa\u017carka ATH1580 U\u017cywamy doskona\u0142ej jako\u015bci materia\u0142\u00f3w&nbsp; japo\u0144skiej firmy Maruni. Posiadamy bardzo du\u017ce do\u015bwiadczenie, dzi\u0119ki temu \u017ce zajmujemy si\u0119 oponami do jedno\u015blad\u00f3w i \u017ce przez nasz serwis przewin\u0119\u0142o si\u0119 tysi\u0105ce motocykli oraz<a href=\"https:\/\/www.przedrajdem.pl\/serwis\/wulkanizacja\/\">[&#8230;]<\/a><\/p>\n","protected":false},"author":2,"featured_media":0,"parent":0,"menu_order":0,"comment_status":"closed","ping_status":"closed","template":"template-fullwidth.php","meta":[],"_links":{"self":[{"href":"https:\/\/www.przedrajdem.pl\/serwis\/wp-json\/wp\/v2\/pages\/227"}],"collection":[{"href":"https:\/\/www.przedrajdem.pl\/serwis\/wp-json\/wp\/v2\/pages"}],"about":[{"href":"https:\/\/www.przedrajdem.pl\/serwis\/wp-json\/wp\/v2\/types\/page"}],"author":[{"embeddable":true,"href":"https:\/\/www.przedrajdem.pl\/serwis\/wp-json\/wp\/v2\/users\/2"}],"replies":[{"embeddable":true,"href":"https:\/\/www.przedrajdem.pl\/serwis\/wp-json\/wp\/v2\/comments?post=227"}],"version-history":[{"count":12,"href":"https:\/\/www.przedrajdem.pl\/serwis\/wp-json\/wp\/v2\/pages\/227\/revisions"}],"predecessor-version":[{"id":811,"href":"https:\/\/www.przedrajdem.pl\/serwis\/wp-json\/wp\/v2\/pages\/227\/revisions\/811"}],"wp:attachment":[{"href":"https:\/\/www.przedrajdem.pl\/serwis\/wp-json\/wp\/v2\/media?parent=227"}],"curies":[{"name":"wp","href":"https:\/\/api.w.org\/{rel}","templated":true}]}}