{"id":240,"date":"2015-08-13T11:24:22","date_gmt":"2015-08-13T09:24:22","guid":{"rendered":"http:\/\/dev.przedrajdem.pl\/?page_id=240"},"modified":"2023-03-02T20:34:35","modified_gmt":"2023-03-02T19:34:35","slug":"wyciagarki","status":"publish","type":"page","link":"https:\/\/www.przedrajdem.pl\/serwis\/wyciagarki\/","title":{"rendered":"Wyci\u0105garki"},"content":{"rendered":"<p>Korzystaj\u0105c z naszego serwisu, zyskujecie Pa\u0144stwo pewno\u015b\u0107 <strong>kompleksowej i profesjonalnej <\/strong>opieki nad Pa\u0144stwa wyci\u0105gark\u0105.<strong><br \/>\n<\/strong><\/p>\n<p style=\"text-align: justify;\">Zajmujemy si\u0119 napraw\u0105 i przegl\u0105dami wyci\u0105garek do quad\u00f3w, samochodowych oraz do lawet \u2013 autoryzowany serwis wyci\u0105garek <strong>Dragon Winch<\/strong>, naprawiamy te\u017c wyci\u0105garki <strong>WARN<\/strong>,\u00a0<strong>Ramsey <\/strong>oraz <strong>SuperWinch<\/strong><\/p>\n<p style=\"text-align: justify;\">Bezpo\u015brednie umowy z przedstawicielami obs\u0142ugiwanych przez nas marek zapewniaj\u0105 szybki dost\u0119p do dokumentacji technicznych, odpowiednich szkole\u0144 dla mechanik\u00f3w oraz magazyn\u00f3w centralnych cz\u0119\u015bci znajduj\u0105cych si\u0119 w europie, co umo\u017cliwia szybkie sprowadzenie niezb\u0119dnych cz\u0119\u015bci i podzespo\u0142\u00f3w lub dodatkowych akcesori\u00f3w. Obecny na miejscu <strong>sklep<\/strong> zapewnia pomoc i doradztwo w doborze akcesori\u00f3w, kt\u00f3re mog\u0105 Pa\u0144stwo u nas zakupi\u0107.<\/p>\n<div><u><strong>Specjalizujemy si\u0119 w:<\/strong><\/u><\/div>\n<ul>\n<li>obs\u0142udze napraw gwarancyjnych wyci\u0105garek <strong>Dragon Winch<\/strong>, <strong>WARN<\/strong><strong><br \/>\n<\/strong><\/li>\n<li>naprawach bie\u017c\u0105cych wszystkich typ\u00f3w wyci\u0105garek\u00a0 <strong>Dragon Winch<\/strong>, <strong>WARN<\/strong>,\u00a0<strong>Ramsey <\/strong>oraz <strong>SuperWinch<\/strong><\/li>\n<li>sprzeda\u017cy i monta\u017cu akcesori\u00f3w i cz\u0119\u015bci zamiennych do wszystkich typ\u00f3w i modeli wyci\u0105garek<\/li>\n<li>przegl\u0105dach okresowych,<\/li>\n<li>pomocy przy monta\u017cu wyci\u0105garek oraz osprz\u0119tu do pojazd\u00f3w klienta (quady, samochody 4&#215;4, auto-lawety)<\/li>\n<\/ul>\n<p><u><strong>Naprawiamy i zaopatrujemy w cz\u0119\u015bci zamienne do wyci\u0105garek :<\/strong><\/u><\/p>\n<ul>\n<li>Policj\u0119<\/li>\n<li>Stra\u017c po\u017carn\u0105<\/li>\n<li>Stra\u017c graniczn\u0105<\/li>\n<li>GOPR<\/li>\n<li>Pojazdy utrzymania ruchu<\/li>\n<\/ul>\n<div id='gallery-1' class='gallery galleryid-240 gallery-columns-3 gallery-size-thumbnail'><figure class='gallery-item'>\n\t\t\t<div class='gallery-icon landscape'>\n\t\t\t\t<a href='https:\/\/www.przedrajdem.pl\/serwis\/wp-content\/uploads\/2015\/08\/serwis_przedrajdem_g1_1-2.jpg' title=\"\" data-rl_title=\"\" class=\"rl-gallery-link\" data-rl_caption=\"\" data-rel=\"lightbox-gallery-1\"><img width=\"480\" height=\"280\" src=\"https:\/\/www.przedrajdem.pl\/serwis\/wp-content\/uploads\/2015\/08\/serwis_przedrajdem_g1_1-2-480x280.jpg\" class=\"attachment-thumbnail size-thumbnail\" alt=\"\" decoding=\"async\" loading=\"lazy\" \/><\/a>\n\t\t\t<\/div><\/figure><figure class='gallery-item'>\n\t\t\t<div class='gallery-icon landscape'>\n\t\t\t\t<a href='https:\/\/www.przedrajdem.pl\/serwis\/wp-content\/uploads\/2015\/08\/serwis_przedrajdem_g1_511.jpg' title=\"\" data-rl_title=\"\" class=\"rl-gallery-link\" data-rl_caption=\"\" data-rel=\"lightbox-gallery-1\"><img width=\"480\" height=\"280\" src=\"https:\/\/www.przedrajdem.pl\/serwis\/wp-content\/uploads\/2015\/08\/serwis_przedrajdem_g1_511-480x280.jpg\" class=\"attachment-thumbnail size-thumbnail\" alt=\"\" decoding=\"async\" loading=\"lazy\" \/><\/a>\n\t\t\t<\/div><\/figure><figure class='gallery-item'>\n\t\t\t<div class='gallery-icon landscape'>\n\t\t\t\t<a href='https:\/\/www.przedrajdem.pl\/serwis\/wp-content\/uploads\/2015\/08\/serwis_przedrajdem_g1_32.jpg' title=\"\" data-rl_title=\"\" class=\"rl-gallery-link\" data-rl_caption=\"\" data-rel=\"lightbox-gallery-1\"><img width=\"480\" height=\"280\" src=\"https:\/\/www.przedrajdem.pl\/serwis\/wp-content\/uploads\/2015\/08\/serwis_przedrajdem_g1_32-480x280.jpg\" class=\"attachment-thumbnail size-thumbnail\" alt=\"\" decoding=\"async\" loading=\"lazy\" \/><\/a>\n\t\t\t<\/div><\/figure><figure class='gallery-item'>\n\t\t\t<div class='gallery-icon landscape'>\n\t\t\t\t<a href='https:\/\/www.przedrajdem.pl\/serwis\/wp-content\/uploads\/2015\/08\/serwis_przedrajdem_g1_28.jpg' title=\"\" data-rl_title=\"\" class=\"rl-gallery-link\" data-rl_caption=\"\" data-rel=\"lightbox-gallery-1\"><img width=\"480\" height=\"280\" src=\"https:\/\/www.przedrajdem.pl\/serwis\/wp-content\/uploads\/2015\/08\/serwis_przedrajdem_g1_28-480x280.jpg\" class=\"attachment-thumbnail size-thumbnail\" alt=\"\" decoding=\"async\" loading=\"lazy\" \/><\/a>\n\t\t\t<\/div><\/figure><figure class='gallery-item'>\n\t\t\t<div class='gallery-icon landscape'>\n\t\t\t\t<a href='https:\/\/www.przedrajdem.pl\/serwis\/wp-content\/uploads\/2015\/08\/serwis_przedrajdem_g1_27.jpg' title=\"\" data-rl_title=\"\" class=\"rl-gallery-link\" data-rl_caption=\"\" data-rel=\"lightbox-gallery-1\"><img width=\"480\" height=\"280\" src=\"https:\/\/www.przedrajdem.pl\/serwis\/wp-content\/uploads\/2015\/08\/serwis_przedrajdem_g1_27-480x280.jpg\" class=\"attachment-thumbnail size-thumbnail\" alt=\"\" decoding=\"async\" loading=\"lazy\" \/><\/a>\n\t\t\t<\/div><\/figure><figure class='gallery-item'>\n\t\t\t<div class='gallery-icon landscape'>\n\t\t\t\t<a href='https:\/\/www.przedrajdem.pl\/serwis\/wp-content\/uploads\/2015\/08\/serwis_przedrajdem_g1_261.jpg' title=\"\" data-rl_title=\"\" class=\"rl-gallery-link\" data-rl_caption=\"\" data-rel=\"lightbox-gallery-1\"><img width=\"480\" height=\"280\" src=\"https:\/\/www.przedrajdem.pl\/serwis\/wp-content\/uploads\/2015\/08\/serwis_przedrajdem_g1_261-480x280.jpg\" class=\"attachment-thumbnail size-thumbnail\" alt=\"\" decoding=\"async\" loading=\"lazy\" \/><\/a>\n\t\t\t<\/div><\/figure><figure class='gallery-item'>\n\t\t\t<div class='gallery-icon landscape'>\n\t\t\t\t<a href='https:\/\/www.przedrajdem.pl\/serwis\/wp-content\/uploads\/2015\/08\/serwis_przedrajdem_g1_24.jpg' title=\"\" data-rl_title=\"\" class=\"rl-gallery-link\" data-rl_caption=\"\" data-rel=\"lightbox-gallery-1\"><img width=\"480\" height=\"280\" src=\"https:\/\/www.przedrajdem.pl\/serwis\/wp-content\/uploads\/2015\/08\/serwis_przedrajdem_g1_24-480x280.jpg\" class=\"attachment-thumbnail size-thumbnail\" alt=\"\" decoding=\"async\" loading=\"lazy\" \/><\/a>\n\t\t\t<\/div><\/figure><figure class='gallery-item'>\n\t\t\t<div class='gallery-icon landscape'>\n\t\t\t\t<a href='https:\/\/www.przedrajdem.pl\/serwis\/wp-content\/uploads\/2015\/08\/serwis_przedrajdem_g1_201.jpg' title=\"\" data-rl_title=\"\" class=\"rl-gallery-link\" data-rl_caption=\"\" data-rel=\"lightbox-gallery-1\"><img width=\"480\" height=\"280\" src=\"https:\/\/www.przedrajdem.pl\/serwis\/wp-content\/uploads\/2015\/08\/serwis_przedrajdem_g1_201-480x280.jpg\" class=\"attachment-thumbnail size-thumbnail\" alt=\"\" decoding=\"async\" loading=\"lazy\" \/><\/a>\n\t\t\t<\/div><\/figure><figure class='gallery-item'>\n\t\t\t<div class='gallery-icon landscape'>\n\t\t\t\t<a href='https:\/\/www.przedrajdem.pl\/serwis\/wp-content\/uploads\/2015\/08\/serwis_przedrajdem_g1_74.jpg' title=\"\" data-rl_title=\"\" class=\"rl-gallery-link\" data-rl_caption=\"\" data-rel=\"lightbox-gallery-1\"><img width=\"480\" height=\"280\" src=\"https:\/\/www.przedrajdem.pl\/serwis\/wp-content\/uploads\/2015\/08\/serwis_przedrajdem_g1_74-480x280.jpg\" class=\"attachment-thumbnail size-thumbnail\" alt=\"\" decoding=\"async\" loading=\"lazy\" \/><\/a>\n\t\t\t<\/div><\/figure>\n\t\t<\/div>\n\n","protected":false},"excerpt":{"rendered":"<p>Korzystaj\u0105c z naszego serwisu, zyskujecie Pa\u0144stwo pewno\u015b\u0107 kompleksowej i profesjonalnej opieki nad Pa\u0144stwa wyci\u0105gark\u0105. Zajmujemy si\u0119 napraw\u0105 i przegl\u0105dami wyci\u0105garek do quad\u00f3w, samochodowych oraz do lawet \u2013 autoryzowany serwis wyci\u0105garek Dragon Winch, naprawiamy te\u017c wyci\u0105garki WARN,\u00a0Ramsey oraz SuperWinch Bezpo\u015brednie umowy z przedstawicielami obs\u0142ugiwanych przez nas marek zapewniaj\u0105 szybki dost\u0119p do dokumentacji technicznych, odpowiednich szkole\u0144 dla<a href=\"https:\/\/www.przedrajdem.pl\/serwis\/wyciagarki\/\">[&#8230;]<\/a><\/p>\n","protected":false},"author":2,"featured_media":0,"parent":0,"menu_order":0,"comment_status":"closed","ping_status":"closed","template":"template-fullwidth.php","meta":[],"_links":{"self":[{"href":"https:\/\/www.przedrajdem.pl\/serwis\/wp-json\/wp\/v2\/pages\/240"}],"collection":[{"href":"https:\/\/www.przedrajdem.pl\/serwis\/wp-json\/wp\/v2\/pages"}],"about":[{"href":"https:\/\/www.przedrajdem.pl\/serwis\/wp-json\/wp\/v2\/types\/page"}],"author":[{"embeddable":true,"href":"https:\/\/www.przedrajdem.pl\/serwis\/wp-json\/wp\/v2\/users\/2"}],"replies":[{"embeddable":true,"href":"https:\/\/www.przedrajdem.pl\/serwis\/wp-json\/wp\/v2\/comments?post=240"}],"version-history":[{"count":7,"href":"https:\/\/www.przedrajdem.pl\/serwis\/wp-json\/wp\/v2\/pages\/240\/revisions"}],"predecessor-version":[{"id":812,"href":"https:\/\/www.przedrajdem.pl\/serwis\/wp-json\/wp\/v2\/pages\/240\/revisions\/812"}],"wp:attachment":[{"href":"https:\/\/www.przedrajdem.pl\/serwis\/wp-json\/wp\/v2\/media?parent=240"}],"curies":[{"name":"wp","href":"https:\/\/api.w.org\/{rel}","templated":true}]}}