{"id":35,"date":"2015-08-11T16:45:54","date_gmt":"2015-08-11T14:45:54","guid":{"rendered":"http:\/\/dev.przedrajdem.pl\/?page_id=35"},"modified":"2025-06-20T13:48:18","modified_gmt":"2025-06-20T11:48:18","slug":"kontakt","status":"publish","type":"page","link":"https:\/\/www.przedrajdem.pl\/serwis\/kontakt\/","title":{"rendered":"Kontakt"},"content":{"rendered":"\n<h2><strong>Sklep i serwis motocykli i quad\u00f3w przedrajdem.pl<\/strong><\/h2>\n\n\n\n<figure class=\"wp-block-table is-style-stripes\"><table><tbody><tr><td>ul. K\u0142obucka 11<br>02-699 Warszawa<br>tel: <a href=\"tel:501401601\">501 401 601<\/a><\/td><\/tr><\/tbody><\/table><\/figure>\n\n\n<p style=\"text-align: center;\"><iframe src=\"https:\/\/www.google.com\/maps\/embed?pb=!1m18!1m12!1m3!1d23040.533158136266!2d21.005676443898246!3d52.16262533327484!2m3!1f0!2f0!3f0!3m2!1i1024!2i768!4f13.1!3m3!1m2!1s0x471932fc8667fddb%3A0x14c346a2ead121c3!2sPrzedrajdem.PL%20-%20sklep%20motocyklowy%2C%20akcesoria%2C%20serwis%20motocykli%20i%20quad%C3%B3w!5e0!3m2!1spl!2spl!4v1679606096411!5m2!1spl!2spl\" style=\"border:0;\" allowfullscreen=\"\" loading=\"lazy\" referrerpolicy=\"no-referrer-when-downgrade\" width=\"800\" height=\"450\"><\/iframe><\/p>\n\n\n<hr class=\"wp-block-separator has-alpha-channel-opacity\"\/>\n\n\n\n<p><strong>Godziny otwarcia Biura Obs\u0142ugi Serwisu:<\/strong><\/p>\n\n\n\n<div class=\"is-layout-flex wp-container-3 wp-block-columns\">\n<div class=\"is-layout-flow wp-block-column\" style=\"flex-basis:100%\">\n<div class=\"is-layout-constrained wp-block-group\"><div class=\"wp-block-group__inner-container\">\n<figure class=\"wp-block-table is-style-stripes\"><table><tbody><tr><td>poniedzia\u0142ek<\/td><td>09:00 &#8211; 16:00<\/td><\/tr><tr><td>wtorek<\/td><td>09:00 &#8211; 16:00<\/td><\/tr><tr><td>\u015broda<\/td><td>09:00 &#8211; 16:00<\/td><\/tr><tr><td>czwartek<\/td><td>09:00 &#8211; 16:00<\/td><\/tr><tr><td>pi\u0105tek<\/td><td>09:00 &#8211; 16:00<\/td><\/tr><tr><td>sobota<\/td><td>nieczynne<\/td><\/tr><tr><td>niedziela<\/td><td>nieczynne<\/td><\/tr><\/tbody><\/table><\/figure>\n<\/div><\/div>\n<\/div>\n<\/div>\n\n\n\n<h2 class=\"has-text-align-center\">Skontaktuj sie z nami <\/h2>\n\n\n\n<h3 class=\"has-text-align-center\"><strong>telefonicznie: <a href=\"tel:501401601\">501 401 601<\/a><br><\/strong><br><strong>lub wy\u015blij Nam wiadomo\u015b\u0107<\/strong>:<\/h3>\n\n\n\n\n\n<div class=\"pirate_forms_container widget-no\" id=\"pirate_forms_container_default\">\n\t<!-- header -->\n\t\n\t<!-- thank you -->\n\t\n\t<div class=\"pirate_forms_wrap\">\n\t<!-- errors -->\n\t\n\t<!-- form -->\n\n\t\t<form\n\t\t\tmethod=\"post\"\n\t\t\tenctype=\"application\/x-www-form-urlencoded\"\n\t\t\tclass=\"pirate_forms  form_honeypot-on wordpress-nonce-on pirate-forms-contact-name-on pirate-forms-contact-email-on pirate-forms-contact-subject-on pirate-forms-contact-message-on pirate-forms-captcha-on pirate-forms-contact-submit-on pirate_forms_from_form-on\"\n\t\t\t\t\t>\n\t\t\t<div class=\"pirate_forms_three_inputs_wrap \">\n\t\n\n<div class=\"col-lg-4 col-sm-4 form_field_wrap\">\n\t\t<input type=\"text\" class=\"form-control input\" id=\"pirate-forms-contact-name\" name=\"pirate-forms-contact-name\" class=\"\" placeholder=\"Imi\u0119 i nazwisko\" required oninvalid=\"this.setCustomValidity('Wpisz swoje imie i nazwisko')\" onchange=\"this.setCustomValidity('')\" value=\"\" >\n<\/div>\n\n\n<div class=\"col-lg-4 col-sm-4 form_field_wrap\">\n\t\t<input type=\"email\" class=\"form-control\" id=\"pirate-forms-contact-email\" name=\"pirate-forms-contact-email\" class=\"\" placeholder=\"Zwrotny adres e-mail\" required oninvalid=\"this.setCustomValidity('Wpisz poprawny adres email')\" onchange=\"this.setCustomValidity('')\" value=\"\" >\n<\/div>\n\n\n<div class=\"col-lg-4 col-sm-4 form_field_wrap\">\n\t\t<input type=\"text\" class=\"form-control input\" id=\"pirate-forms-contact-subject\" name=\"pirate-forms-contact-subject\" class=\"\" placeholder=\"Temat\" required oninvalid=\"this.setCustomValidity('Wpisz poprawny temat wiadomo\u015bci')\" onchange=\"this.setCustomValidity('')\" value=\"\" >\n<\/div>\n\t\t\t<\/div>\n\n\t\n\n<div class=\"col-lg-12 col-sm-12 form_field_wrap\">\n\t\t<textarea rows=\"5\" cols=\"30\" class=\"form-control input\" id=\"pirate-forms-contact-message\" name=\"pirate-forms-contact-message\" class=\"\" placeholder=\"Tre\u015b\u0107 wiadomo\u015bci, w celu przy\u015bpieszenia kontaktu prosimy o podanie numeru telefonu kontaktowego\" required oninvalid=\"this.setCustomValidity('Wpisz wiadomo\u015b\u0107')\" onchange=\"this.setCustomValidity('')\" ><\/textarea>\n<\/div>\n\n\n<div class=\"col-xs-12 form_field_wrap form_captcha_wrap\">\n\t<div id=\"pirate-forms-captcha\" class=\"g-recaptcha pirate-forms-google-recaptcha\"  data-sitekey=\"6LfQHwsTAAAAALBcUNurFfk-gtAR4BXDZ5-hHf-C\">\n\t<\/div>\n<\/div>\n\n\n<div class=\"col-xs-12 form_field_wrap contact_submit_wrap\">\n\t<button type=\"submit\" class=\"btn btn-primary custom-button red-btn pirate-forms-submit-button\" id=\"pirate-forms-contact-submit\" name=\"pirate-forms-contact-submit\" class=\"pirate-forms-submit-button btn btn-primary \" placeholder=\"\" >Wy\u015blij wiadomo\u015b\u0107<\/button>\n<\/div>\n<input type=\"hidden\" id=\"pirate_forms_ajax\" name=\"pirate_forms_ajax\" class=\"\" placeholder=\"\"  value=\"0\"><div class=\"form_field_wrap hidden\" style=\"display: none\"><input type=\"text\" id=\"form_honeypot\" name=\"honeypot\" class=\"\" placeholder=\"\"  value=\"\"><\/div><input type=\"hidden\" id=\"pirate_forms_from_widget\" name=\"pirate_forms_from_widget\" class=\"\" placeholder=\"\"  value=\"0\"><input type=\"hidden\" id=\"wordpress-nonce\" name=\"wordpress-nonce\" class=\"\" placeholder=\"\"  value=\"607a40bec7\"><input type=\"hidden\" id=\"pirate_forms_from_form\" name=\"pirate_forms_from_form\" class=\"\" placeholder=\"\"  value=\"987fb97c56\">\t\t<\/form>\n\n\t\n\t\t<div class=\"pirate_forms_clearfix\"><\/div>\n\t<\/div>\n\n\t<!-- footer -->\n\t\n<\/div>\n\n","protected":false},"excerpt":{"rendered":"<p>Sklep i serwis motocykli i quad\u00f3w przedrajdem.pl ul. K\u0142obucka 1102-699 Warszawatel: 501 401 601 Godziny otwarcia Biura Obs\u0142ugi Serwisu: poniedzia\u0142ek 09:00 &#8211; 16:00 wtorek 09:00 &#8211; 16:00 \u015broda 09:00 &#8211; 16:00 czwartek 09:00 &#8211; 16:00 pi\u0105tek 09:00 &#8211; 16:00 sobota nieczynne niedziela nieczynne Skontaktuj sie z nami telefonicznie: 501 401 601lub wy\u015blij Nam wiadomo\u015b\u0107:<\/p>\n","protected":false},"author":1,"featured_media":0,"parent":0,"menu_order":12,"comment_status":"closed","ping_status":"closed","template":"template-fullwidth.php","meta":[],"_links":{"self":[{"href":"https:\/\/www.przedrajdem.pl\/serwis\/wp-json\/wp\/v2\/pages\/35"}],"collection":[{"href":"https:\/\/www.przedrajdem.pl\/serwis\/wp-json\/wp\/v2\/pages"}],"about":[{"href":"https:\/\/www.przedrajdem.pl\/serwis\/wp-json\/wp\/v2\/types\/page"}],"author":[{"embeddable":true,"href":"https:\/\/www.przedrajdem.pl\/serwis\/wp-json\/wp\/v2\/users\/1"}],"replies":[{"embeddable":true,"href":"https:\/\/www.przedrajdem.pl\/serwis\/wp-json\/wp\/v2\/comments?post=35"}],"version-history":[{"count":60,"href":"https:\/\/www.przedrajdem.pl\/serwis\/wp-json\/wp\/v2\/pages\/35\/revisions"}],"predecessor-version":[{"id":1253,"href":"https:\/\/www.przedrajdem.pl\/serwis\/wp-json\/wp\/v2\/pages\/35\/revisions\/1253"}],"wp:attachment":[{"href":"https:\/\/www.przedrajdem.pl\/serwis\/wp-json\/wp\/v2\/media?parent=35"}],"curies":[{"name":"wp","href":"https:\/\/api.w.org\/{rel}","templated":true}]}}